{"id":117,"date":"2023-05-09T13:11:01","date_gmt":"2023-05-09T13:11:01","guid":{"rendered":"https:\/\/sao-joao-da-madeira.ms2.decms.eu\/?page_id=117"},"modified":"2023-05-09T13:22:29","modified_gmt":"2023-05-09T13:22:29","slug":"privacy-policy","status":"publish","type":"page","link":"https:\/\/www.hotel-as-sjmadeira.com\/en\/privacy-policy\/","title":{"rendered":"Privacy Policy"},"content":{"rendered":"<p>Esta p\u00e1gina descreve como este site \u00e9 administrado no que diz respeito ao processamento dos dados pessoais dos usu\u00e1rios. Esta \u00e9 a informa\u00e7\u00e3o que \u00e9 fornecida nos termos do art. 13 do Regulamento da UE 2016\/679, que entrou em vigor em 25 de maio de 2018 &#8211; o Regulamento Geral de Prote\u00e7\u00e3o de Dados (doravante denominado GDPR) e aplic\u00e1vel a quem interage com os servi\u00e7os da Web do Hotel A.S. S\u00e3o Jo\u00e3o da Madeira acess\u00edvel eletronicamente no endere\u00e7o da web:<br \/>\n<a href=\"https:\/\/www.hotel-as-asjmadeira.com\/\">https:\/\/www.hotel-as-asjmadeira.com\/<\/a><\/p>\n<p>A informa\u00e7\u00e3o disponibilizada aplica-se apenas ao site <a href=\"https:\/\/www.hotel-as-asjmadeira.com\/\">https:\/\/www.hotel-as-asjmadeira.com\/<\/a>. e n\u00e3o a quaisquer outros sites que possam ser consultados pelo utilizador atrav\u00e9s dos links do site original, e cumpre a Recomenda\u00e7\u00e3o n.\u00ba 2\/2001 sobre determinados requisitos m\u00ednimos para a recolha de dados pessoais online na Uni\u00e3o Europeia, adoptada a 17 de Maio 2001 pelo Grupo de Trabalho de Prote\u00e7\u00e3o de Dados do Artigo 29.<\/p>\n<p>CONTROLADOR DE DADOS<br \/>\nDe acordo com o art. 4, Item 7 do GDPR 2016\/679, o Controlador de Dados \u00e9 o Hotel A.S. S\u00e3o Jo\u00e3o da Madeira Sediada em: Avenida Almirante Reis, 188<br \/>\n1000-055 Lisboa Portugal<br \/>\ntel: +351 218429360<br \/>\nemail: <a href=\"mailto:info@hotel-aslisboa.pt\">info@hotel-aslisboa.pt<\/a><\/p>\n<p>OFICIAL DE PROTE\u00c7\u00c3O DE DADOS<br \/>\nDe acordo com o art. 37 do GDPR 2016\/679, Hotel A.S. S\u00e3o Jo\u00e3o da Madeira nomeou oficialmente um Oficial de Prote\u00e7\u00e3o de Dados (doravante denominado DPO), cujos dados de contato s\u00e3o Paulo Soares, e-mail: <a href=\"mailto:privacy@hotel-aslisboa.pt\">privacy@hotel-aslisboa.pt<\/a><br \/>\nO DPO est\u00e1 \u00e0 disposi\u00e7\u00e3o para responder a quaisquer pedidos de informa\u00e7\u00e3o das partes interessadas sobre o tratamento dos seus dados pessoais e o exerc\u00edcio dos seus direitos.<\/p>\n<p>LOCAL DE PROCESSAMENTO DE DADOS<br \/>\nO processamento de dados realizado em conex\u00e3o com os servi\u00e7os web fornecidos por este site ocorre na sede do propriet\u00e1rio e do processador de dados. Nenhum dado obtido a partir deste servi\u00e7o web \u00e9 comunicado ou divulgado a terceiros.<br \/>\nUsando cookies de terceiros, o Google e outras empresas que usam cookies de perfil de terceiros tamb\u00e9m podem processar dados pessoais fora da comunidade europeia. Para obter mais informa\u00e7\u00f5es sobre este t\u00f3pico, consulte a <a href=\"https:\/\/sao-joao-da-madeira.ms2.decms.eu\/politica-de-cookies-e-preferencias\/\">pol\u00edtica de cookies<\/a>.<br \/>\nOs dados pessoais apresentados pelos utilizadores que solicitam material informativo s\u00e3o utilizados apenas para a presta\u00e7\u00e3o do servi\u00e7o ou servi\u00e7os solicitados, ao passo que os dados pessoais do titular dos dados adquiridos atrav\u00e9s de determinados formul\u00e1rios do site podem ser encaminhados para prestadores de servi\u00e7os para cumprimento do contrato e presta\u00e7\u00e3o dos servi\u00e7os solicitados.<\/p>\n<p>TIPOS DE DADOS PROCESSADOS<br \/>\nDados de navega\u00e7\u00e3o<br \/>\nOs sistemas inform\u00e1ticos e procedimentos de software utilizados para gerir este site registam alguns dados pessoais durante o seu funcionamento normal, cuja transmiss\u00e3o est\u00e1 impl\u00edcita na utiliza\u00e7\u00e3o de protocolos da Internet. Estes dados n\u00e3o s\u00e3o recolhidos para identificar os titulares dos dados mas, pela sua pr\u00f3pria natureza, podem permitir a identifica\u00e7\u00e3o dos utilizadores quando processados e utilizados em conjunto com dados detidos por terceiros. Esta categoria de dados inclui endere\u00e7os IP ou nomes de dom\u00ednio dos computadores usados pelos usu\u00e1rios que se conectam ao site, endere\u00e7os URI (Uniform Resource Identifier) dos recursos solicitados, a hora da solicita\u00e7\u00e3o, o m\u00e9todo usado para enviar a solicita\u00e7\u00e3o ao servidor , o tamanho do arquivo obtido na resposta, o c\u00f3digo num\u00e9rico que indica o estado da resposta dada pelo servidor (sucesso, erro, etc.) e outros par\u00e2metros relativos ao sistema operacional e ambiente de TI. Esses dados s\u00e3o usados apenas para coletar estat\u00edsticas an\u00f4nimas sobre o uso do site e para verificar se ele est\u00e1 funcionando corretamente. Eles s\u00e3o exclu\u00eddos imediatamente ap\u00f3s o processamento. Os dados podem ser usados para identificar os respons\u00e1veis em casos de crimes inform\u00e1ticos hipot\u00e9ticos perpetrados contra o site. Em todos os outros casos, os dados de contato da web s\u00e3o atualmente retidos por n\u00e3o mais do que trinta dias.<br \/>\nDados enviados voluntariamente por usu\u00e1rios<br \/>\nOs emails opcionais, expressos e volunt\u00e1rios enviados para os endere\u00e7os indicados neste site implicam necessariamente a aquisi\u00e7\u00e3o do endere\u00e7o do remetente, necess\u00e1rio para responder aos pedidos, e quaisquer outros dados pessoais inclu\u00eddos nas mensagens. Um resumo das informa\u00e7\u00f5es espec\u00edficas fornecidas ser\u00e1 disponibilizado regularmente ou exibido nas p\u00e1ginas da Web preparadas para servi\u00e7os espec\u00edficos sob demanda.<br \/>\nCookies<br \/>\nO uso de cookies de sess\u00e3o (que n\u00e3o s\u00e3o armazenados permanentemente no computador do usu\u00e1rio e s\u00e3o exclu\u00eddos quando o navegador \u00e9 fechado) \u00e9 estritamente limitada \u00e0 transmiss\u00e3o de identificadores de sess\u00e3o (consistindo em n\u00fameros aleat\u00f3rios gerados pelo servidor) que s\u00e3o necess\u00e1rios para fornecer o usu\u00e1rio com uma experi\u00eancia de navega\u00e7\u00e3o segura e eficiente. A utiliza\u00e7\u00e3o de cookies de sess\u00e3o neste site evita a utiliza\u00e7\u00e3o de outras t\u00e9cnicas inform\u00e1ticas, potencialmente prejudiciais para a confidencialidade dos dados do utilizador criados durante a navega\u00e7\u00e3o no site, e n\u00e3o permite a recolha de quaisquer dados pessoais que identifiquem o utilizador.<br \/>\nPara selecionar, modificar ou obter mais informa\u00e7\u00f5es sobre as op\u00e7\u00f5es dispon\u00edveis sobre a utiliza\u00e7\u00e3o de cookies pelo Hotel A.S. S\u00e3o Jo\u00e3o da Madeira clique em <a href=\"https:\/\/sao-joao-da-madeira.ms2.decms.eu\/politica-de-cookies-e-preferencias\/\">Pol\u00edtica de Cookies<\/a> (e consulte a pol\u00edtica de cookies do site).<\/p>\n<p>&nbsp;<\/p>\n<p>M\u00c9TODOS DE PROCESSAMENTO<br \/>\nOs dados pessoais s\u00e3o processados por ferramentas automatizadas pelo tempo necess\u00e1rio para atingir os fins para os quais foram coletados. Medidas de seguran\u00e7a espec\u00edficas s\u00e3o observadas para prevenir a perda de dados, o uso il\u00edcito ou incorreto dos mesmos e o acesso n\u00e3o autorizado.<\/p>\n<p>OBJETIVO, BASE JUR\u00cdDICA E NATUREZA DA DISPOSI\u00c7\u00c3O (EXEMPLO)<br \/>\nOs Dados Pessoais que voc\u00ea fornece por meio do site ser\u00e3o processados pelo Hotel A.S. S\u00e3o Jo\u00e3o da Madeira para os seguintes fins:<br \/>\na) fins relacionados com a execu\u00e7\u00e3o de um contrato do qual o titular dos dados seja parte, ou com a execu\u00e7\u00e3o de medidas pr\u00e9-contratuais tomadas a seu pedido (por exemplo, para pedidos apresentados atrav\u00e9s do formul\u00e1rio de contacto, pedidos de reserva, participa\u00e7\u00e3o em ofertas especiais, etc.). O consentimento n\u00e3o \u00e9 necess\u00e1rio. A base jur\u00eddica \u00e9 o artigo 6.\u00ba, n.\u00ba 1-B, sendo o tratamento necess\u00e1rio para a execu\u00e7\u00e3o de um contrato de que o titular dos dados seja parte ou para a execu\u00e7\u00e3o de dilig\u00eancias a pedido do titular dos dados antes da celebra\u00e7\u00e3o de um contrato.<br \/>\nb) fins relacionados com material promocional e comercial enviado por email na sequ\u00eancia do registo volunt\u00e1rio na newsletter do hotel. Isso requer o consentimento expl\u00edcito do titular dos dados ou o uso de &#8220;soft spam&#8221; (marketing direto por e-mail). A base legal \u00e9 o artigo 6\u00ba, par\u00e1grafo 1b, do GDPR 2016\/679, que requer a anu\u00eancia do interessado, ou a assinatura do boletim informativo, nos termos do artigo 6\u00ba, par\u00e1grafo 1f, do GDPR 2016\/679, sendo leg\u00edtimo interesse por parte do controlador de dados.<br \/>\nc) para fins de cria\u00e7\u00e3o de perfil por meio de cookies de terceiros. O consentimento \u00e9 necess\u00e1rio conforme estipulado na Pol\u00edtica de Cookies.<br \/>\nd) para pesquisa estat\u00edstica e an\u00e1lise de dados agregados an\u00f4nimos para avaliar a funcionalidade do site, a quantidade de tr\u00e1fego, a usabilidade do site e para torn\u00e1-lo mais amig\u00e1vel e \u00fatil. O consentimento n\u00e3o \u00e9 necess\u00e1rio, pois isso n\u00e3o envolve o processamento de quaisquer dados pessoais.<br \/>\ne) fins relacionados ao cumprimento de leis e regulamentos. O consentimento n\u00e3o \u00e9 necess\u00e1rio. A base jur\u00eddica \u00e9 o artigo 6, par\u00e1grafo 1c, do RGPD 2016\/679.<br \/>\nf) Estabelecer, exercer ou defender um direito em ju\u00edzo ou sempre que os tribunais exer\u00e7am fun\u00e7\u00f5es judiciais. O consentimento n\u00e3o \u00e9 necess\u00e1rio. A base jur\u00eddica \u00e9 o artigo 6.\u00ba, n.\u00ba 1f, do RGPD 2016\/679, em que o tratamento \u00e9 necess\u00e1rio para efeitos dos leg\u00edtimos interesses do respons\u00e1vel pelo tratamento.<br \/>\ng) pelo cumprimento de uma obriga\u00e7\u00e3o legal ou regulamentar a que o controlador esteja sujeito. O consentimento n\u00e3o \u00e9 necess\u00e1rio. A base jur\u00eddica \u00e9 o artigo 6, par\u00e1grafo 1f, do RGPD 2016\/679, onde o tratamento \u00e9 necess\u00e1rio para cumprir uma obriga\u00e7\u00e3o legal a que o respons\u00e1vel pelo tratamento est\u00e1 sujeito.<\/p>\n<p>TRANSFER\u00caNCIA DE DADOS PESSOAIS PARA PA\u00cdSES FORA DA UE OU ORGANIZA\u00c7\u00d5ES INTERNACIONAIS<br \/>\nAlguns dos dados pessoais obtidos junto do interessado s\u00e3o transferidos para destinat\u00e1rios localizados fora da Comunidade Europeia. O Hotel A.S. S\u00e3o Jo\u00e3o da Madeira\u00a0assegura que o tratamento eletr\u00f3nico e em papel dos seus dados pessoais pelos destinat\u00e1rios \u00e9 efetuado em conformidade com a legisla\u00e7\u00e3o aplic\u00e1vel, que tem estatuto jur\u00eddico fora da UE.<br \/>\nCaso contr\u00e1rio, as transfer\u00eancias de dados est\u00e3o sujeitas a uma decis\u00e3o de adequa\u00e7\u00e3o ou ao cumprimento das Cl\u00e1usulas Contratuais Padr\u00e3o aprovadas pela Comiss\u00e3o Europeia ou, nos casos de transfer\u00eancias para os EUA, ao cumprimento da pol\u00edtica Privacy Shield.<\/p>\n<p>&nbsp;<\/p>\n<p>ESCOPO DA TRANSMISS\u00c3O DE DADOS PESSOAIS<br \/>\nOs dados pessoais adquiridos atrav\u00e9s do site em quest\u00e3o podem ser divulgados a:<br \/>\n\u2022 a ag\u00eancia web D-Edge S.A.S. selecionada para administrar o site e fornecer suporte t\u00e9cnico.<br \/>\n\u2022 \u00f3rg\u00e3os e organiza\u00e7\u00f5es p\u00fablicas em fun\u00e7\u00e3o de obriga\u00e7\u00f5es legais e \/ ou contratuais.<br \/>\n\u2022 empresas terceirizadas que hospedam o site.<br \/>\nPoder\u00e1 ser solicitada ao controlador de dados a rela\u00e7\u00e3o atualizada dos gerentes externos indicados, nos termos do art. 28 do GDPR 2016\/679.<\/p>\n<p>RETEN\u00c7\u00c3O DE DADOS<br \/>\nO Hotel A.S. S\u00e3o Jo\u00e3o da Madeira tratar\u00e1 os dados pessoais do utilizador apenas durante o tempo estritamente necess\u00e1rio para atingir os fins previstos neste documento e at\u00e9 ao tempo permitido pela lei italiana, para salvaguarda dos interesses dos utilizadores ( Lei n.\u00ba 58\/2019, de 08 de Agosto, Lei de execu\u00e7\u00e3o do Regulamento (UE) 2016\/679 em Portugal).<br \/>\nO utilizador continua a subscrever a newsletter da empresa at\u00e9 exercer o seu direito de cancelamento, o que pode ser feito simplesmente clicando num link em cada email enviado.<\/p>\n<p>PROCESSAMENTO AUTOMATIZADO<br \/>\nO Hotel A.S. S\u00e3o Jo\u00e3o da Madeira n\u00e3o envia emails de perfil, mas utiliza cookies de perfil. Para obter detalhes sobre os cookies de perfil utilizados e sua intera\u00e7\u00e3o com as redes sociais, consulte a <a href=\"https:\/\/sao-joao-da-madeira.ms2.decms.eu\/politica-de-cookies-e-preferencias\/\">Pol\u00edtica de Cookies<\/a>.<\/p>\n<p>&nbsp;<\/p>\n<p>SISTEMA DE RESERVA DE SEGURAN\u00c7A<br \/>\nA D-Edge S.A.S usa os dados do cart\u00e3o de cr\u00e9dito fornecidos no momento da reserva, de acordo com o protocolo de seguran\u00e7a PCI DSS (Payment Card Industry Data Security Standard). Todas as informa\u00e7\u00f5es enviadas a este site, durante uma sess\u00e3o SSL, s\u00e3o criptografadas e protegidas contra divulga\u00e7\u00e3o a terceiros.<\/p>\n<p>DIREITOS DOS ASSUNTOS DE DADOS<br \/>\nO usu\u00e1rio pode exercer livremente os direitos previstos nos artigos 15 e seguintes. do GDPR 2016\/679 ou:<br \/>\n\u2022 retirar seu consentimento a qualquer momento. Os usu\u00e1rios podem revogar seu consentimento para o processamento de seus dados pessoais conforme descrito acima.<br \/>\n\u2022 o direito de se opor ao processamento de seus dados. Os usu\u00e1rios podem se opor ao tratamento de seus dados quando este for realizado em qualquer base legal que n\u00e3o seja o consentimento.<br \/>\n\u2022 o direito de acessar seus dados. Os usu\u00e1rios t\u00eam o direito de obter informa\u00e7\u00f5es sobre quais dados est\u00e3o sendo processados pelo Controlador e sobre aspectos particulares da metodologia de processamento, e de obter uma c\u00f3pia de todos os dados processados.<br \/>\n\u2022 o direito de retifica\u00e7\u00e3o de dados pessoais inexatos. Os usu\u00e1rios podem verificar se seus dados est\u00e3o corretos e solicitar que sejam atualizados ou corrigidos conforme necess\u00e1rio.<br \/>\n\u2022 o direito de restri\u00e7\u00e3o de processamento. Em certas circunst\u00e2ncias, os usu\u00e1rios podem solicitar a defini\u00e7\u00e3o de restri\u00e7\u00f5es ao processamento de seus dados. Nesta eventualidade, o Controlador de Dados n\u00e3o pode processar os dados para qualquer finalidade, exceto armazenamento.<br \/>\n\u2022 o direito de ter seus dados pessoais removidos ou apagados. Em certas circunst\u00e2ncias, os usu\u00e1rios podem solicitar o apagamento de seus dados pelo Controlador de Dados.<br \/>\n\u2022 o direito de receber os dados pessoais que lhe dizem respeito ou transferidos para outro respons\u00e1vel pelo tratamento. Os usu\u00e1rios t\u00eam o direito de receber seus dados em um formato estruturado, comumente usado e leg\u00edvel por m\u00e1quina, quando tecnicamente vi\u00e1vel, e de transferi-los sem obst\u00e1culos para outro controlador. Esta disposi\u00e7\u00e3o \u00e9 aplic\u00e1vel quando os dados s\u00e3o processados automaticamente, e o processamento \u00e9 baseado no consentimento do usu\u00e1rio, ou um contrato do qual o usu\u00e1rio \u00e9 parte ou disposi\u00e7\u00f5es contratuais a ele relacionadas.<br \/>\n\u2022 o direito de apresentar uma reclama\u00e7\u00e3o. Os usu\u00e1rios podem apresentar uma reclama\u00e7\u00e3o \u00e0 autoridade supervisora competente respons\u00e1vel pela prote\u00e7\u00e3o de dados pessoais ou tomar medidas legais.<\/p>\n<p>Como exercer seus direitos<br \/>\nO Hotel A.S. S\u00e3o Jo\u00e3o da Madeira disp\u00f5e de um processo organizacional para facilitar o exerc\u00edcio dos direitos das partes interessadas. Basta contactar a dire\u00e7\u00e3o da empresa em: <a href=\"mailto:privacy@hotel-aslisboa.pt\">privacy@hotel-aslisboa.pt<\/a><\/p>\n<p>ATUALIZA\u00c7\u00d5ES E REVIS\u00d5ES<br \/>\nA pol\u00edtica de privacidade foi atualizada para a Revis\u00e3o 1 em &#8230;&#8230;&#8230;&#8230;&#8230;.. e pode estar sujeita a revis\u00f5es futuras.<\/p>\n","protected":false},"excerpt":{"rendered":"<p>Esta p\u00e1gina descreve como este site \u00e9 administrado no que diz respeito ao processamento dos dados pessoais dos usu\u00e1rios. Esta \u00e9 a informa\u00e7\u00e3o que \u00e9 fornecida nos termos do art. 13 do Regulamento da UE 2016\/679, que entrou em vigor em 25 de maio de 2018 &#8211; o Regulamento Geral de Prote\u00e7\u00e3o de Dados (doravante [&hellip;]<\/p>\n","protected":false},"author":13,"featured_media":0,"parent":0,"menu_order":900,"comment_status":"closed","ping_status":"closed","template":"","meta":{"footnotes":""},"class_list":["post-117","page","type-page","status-publish","hentry"],"yoast_head":"<!-- This site is optimized with the Yoast SEO plugin v27.3 - https:\/\/yoast.com\/product\/yoast-seo-wordpress\/ -->\n<title>Privacy Policy - A.S. S\u00e3o Jo\u00e3o da Madeira -<\/title>\n<meta name=\"description\" content=\"Esta p\u00e1gina descreve como este site \u00e9 administrado no que diz respeito ao processamento dos dados pessoais dos usu\u00e1rios. Esta \u00e9 a informa\u00e7\u00e3o que \u00e9 fornecida nos termos do art\" \/>\n<meta name=\"robots\" content=\"index, follow, max-snippet:-1, max-image-preview:large, max-video-preview:-1\" \/>\n<link rel=\"canonical\" href=\"https:\/\/www.hotel-as-sjmadeira.com\/en\/privacy-policy\/\" \/>\n<meta property=\"og:locale\" content=\"en_US\" \/>\n<meta property=\"og:type\" content=\"article\" \/>\n<meta property=\"og:title\" content=\"Privacy Policy - A.S. S\u00e3o Jo\u00e3o da Madeira -\" \/>\n<meta property=\"og:description\" content=\"Esta p\u00e1gina descreve como este site \u00e9 administrado no que diz respeito ao processamento dos dados pessoais dos usu\u00e1rios. Esta \u00e9 a informa\u00e7\u00e3o que \u00e9 fornecida nos termos do art\" \/>\n<meta property=\"og:url\" content=\"https:\/\/www.hotel-as-sjmadeira.com\/en\/privacy-policy\/\" \/>\n<meta property=\"og:site_name\" content=\"A.S. S\u00e3o Jo\u00e3o da Madeira\" \/>\n<meta property=\"article:modified_time\" content=\"2023-05-09T13:22:29+00:00\" \/>\n<meta name=\"twitter:card\" content=\"summary_large_image\" \/>\n<meta name=\"twitter:label1\" content=\"Est. reading time\" \/>\n\t<meta name=\"twitter:data1\" content=\"9 minutes\" \/>\n<script type=\"application\/ld+json\" class=\"yoast-schema-graph\">{\"@context\":\"https:\\\/\\\/schema.org\",\"@graph\":[{\"@type\":\"WebPage\",\"@id\":\"https:\\\/\\\/www.hotel-as-sjmadeira.com\\\/en\\\/privacy-policy\\\/\",\"url\":\"https:\\\/\\\/www.hotel-as-sjmadeira.com\\\/en\\\/privacy-policy\\\/\",\"name\":\"Privacy Policy - A.S. S\u00e3o Jo\u00e3o da Madeira -\",\"isPartOf\":{\"@id\":\"https:\\\/\\\/www.hotel-as-sjmadeira.com\\\/en\\\/#website\"},\"datePublished\":\"2023-05-09T13:11:01+00:00\",\"dateModified\":\"2023-05-09T13:22:29+00:00\",\"description\":\"Esta p\u00e1gina descreve como este site \u00e9 administrado no que diz respeito ao processamento dos dados pessoais dos usu\u00e1rios. Esta \u00e9 a informa\u00e7\u00e3o que \u00e9 fornecida nos termos do art\",\"breadcrumb\":{\"@id\":\"https:\\\/\\\/www.hotel-as-sjmadeira.com\\\/en\\\/privacy-policy\\\/#breadcrumb\"},\"inLanguage\":\"en-US\",\"potentialAction\":[{\"@type\":\"ReadAction\",\"target\":[\"https:\\\/\\\/www.hotel-as-sjmadeira.com\\\/en\\\/privacy-policy\\\/\"]}]},{\"@type\":\"BreadcrumbList\",\"@id\":\"https:\\\/\\\/www.hotel-as-sjmadeira.com\\\/en\\\/privacy-policy\\\/#breadcrumb\",\"itemListElement\":[{\"@type\":\"ListItem\",\"position\":1,\"name\":\"Home\",\"item\":\"https:\\\/\\\/www.hotel-as-sjmadeira.com\\\/en\\\/\"},{\"@type\":\"ListItem\",\"position\":2,\"name\":\"Privacy Policy\"}]},{\"@type\":\"WebSite\",\"@id\":\"https:\\\/\\\/www.hotel-as-sjmadeira.com\\\/en\\\/#website\",\"url\":\"https:\\\/\\\/www.hotel-as-sjmadeira.com\\\/en\\\/\",\"name\":\"A.S. S\u00e3o Jo\u00e3o da Madeira\",\"description\":\"\",\"potentialAction\":[{\"@type\":\"SearchAction\",\"target\":{\"@type\":\"EntryPoint\",\"urlTemplate\":\"https:\\\/\\\/www.hotel-as-sjmadeira.com\\\/en\\\/?s={search_term_string}\"},\"query-input\":{\"@type\":\"PropertyValueSpecification\",\"valueRequired\":true,\"valueName\":\"search_term_string\"}}],\"inLanguage\":\"en-US\"}]}<\/script>\n<!-- \/ Yoast SEO plugin. -->","yoast_head_json":{"title":"Privacy Policy - A.S. S\u00e3o Jo\u00e3o da Madeira -","description":"Esta p\u00e1gina descreve como este site \u00e9 administrado no que diz respeito ao processamento dos dados pessoais dos usu\u00e1rios. Esta \u00e9 a informa\u00e7\u00e3o que \u00e9 fornecida nos termos do art","robots":{"index":"index","follow":"follow","max-snippet":"max-snippet:-1","max-image-preview":"max-image-preview:large","max-video-preview":"max-video-preview:-1"},"canonical":"https:\/\/www.hotel-as-sjmadeira.com\/en\/privacy-policy\/","og_locale":"en_US","og_type":"article","og_title":"Privacy Policy - A.S. S\u00e3o Jo\u00e3o da Madeira -","og_description":"Esta p\u00e1gina descreve como este site \u00e9 administrado no que diz respeito ao processamento dos dados pessoais dos usu\u00e1rios. Esta \u00e9 a informa\u00e7\u00e3o que \u00e9 fornecida nos termos do art","og_url":"https:\/\/www.hotel-as-sjmadeira.com\/en\/privacy-policy\/","og_site_name":"A.S. S\u00e3o Jo\u00e3o da Madeira","article_modified_time":"2023-05-09T13:22:29+00:00","twitter_card":"summary_large_image","twitter_misc":{"Est. reading time":"9 minutes"},"schema":{"@context":"https:\/\/schema.org","@graph":[{"@type":"WebPage","@id":"https:\/\/www.hotel-as-sjmadeira.com\/en\/privacy-policy\/","url":"https:\/\/www.hotel-as-sjmadeira.com\/en\/privacy-policy\/","name":"Privacy Policy - A.S. S\u00e3o Jo\u00e3o da Madeira -","isPartOf":{"@id":"https:\/\/www.hotel-as-sjmadeira.com\/en\/#website"},"datePublished":"2023-05-09T13:11:01+00:00","dateModified":"2023-05-09T13:22:29+00:00","description":"Esta p\u00e1gina descreve como este site \u00e9 administrado no que diz respeito ao processamento dos dados pessoais dos usu\u00e1rios. Esta \u00e9 a informa\u00e7\u00e3o que \u00e9 fornecida nos termos do art","breadcrumb":{"@id":"https:\/\/www.hotel-as-sjmadeira.com\/en\/privacy-policy\/#breadcrumb"},"inLanguage":"en-US","potentialAction":[{"@type":"ReadAction","target":["https:\/\/www.hotel-as-sjmadeira.com\/en\/privacy-policy\/"]}]},{"@type":"BreadcrumbList","@id":"https:\/\/www.hotel-as-sjmadeira.com\/en\/privacy-policy\/#breadcrumb","itemListElement":[{"@type":"ListItem","position":1,"name":"Home","item":"https:\/\/www.hotel-as-sjmadeira.com\/en\/"},{"@type":"ListItem","position":2,"name":"Privacy Policy"}]},{"@type":"WebSite","@id":"https:\/\/www.hotel-as-sjmadeira.com\/en\/#website","url":"https:\/\/www.hotel-as-sjmadeira.com\/en\/","name":"A.S. S\u00e3o Jo\u00e3o da Madeira","description":"","potentialAction":[{"@type":"SearchAction","target":{"@type":"EntryPoint","urlTemplate":"https:\/\/www.hotel-as-sjmadeira.com\/en\/?s={search_term_string}"},"query-input":{"@type":"PropertyValueSpecification","valueRequired":true,"valueName":"search_term_string"}}],"inLanguage":"en-US"}]}},"acf":[],"_links":{"self":[{"href":"https:\/\/www.hotel-as-sjmadeira.com\/en\/wp-json\/wp\/v2\/pages\/117","targetHints":{"allow":["GET"]}}],"collection":[{"href":"https:\/\/www.hotel-as-sjmadeira.com\/en\/wp-json\/wp\/v2\/pages"}],"about":[{"href":"https:\/\/www.hotel-as-sjmadeira.com\/en\/wp-json\/wp\/v2\/types\/page"}],"author":[{"embeddable":true,"href":"https:\/\/www.hotel-as-sjmadeira.com\/en\/wp-json\/wp\/v2\/users\/13"}],"replies":[{"embeddable":true,"href":"https:\/\/www.hotel-as-sjmadeira.com\/en\/wp-json\/wp\/v2\/comments?post=117"}],"version-history":[{"count":0,"href":"https:\/\/www.hotel-as-sjmadeira.com\/en\/wp-json\/wp\/v2\/pages\/117\/revisions"}],"wp:attachment":[{"href":"https:\/\/www.hotel-as-sjmadeira.com\/en\/wp-json\/wp\/v2\/media?parent=117"}],"curies":[{"name":"wp","href":"https:\/\/api.w.org\/{rel}","templated":true}]}}